{"id":7152,"date":"2026-02-12T15:33:38","date_gmt":"2026-02-12T14:33:38","guid":{"rendered":"https:\/\/singasong-behappy.de\/?page_id=7152"},"modified":"2026-03-23T17:01:15","modified_gmt":"2026-03-23T16:01:15","slug":"gesangs-webinar-mit-bernadette-kube","status":"publish","type":"page","link":"https:\/\/singasong-behappy.de\/en\/gesangs-webinar-mit-bernadette-kube\/","title":{"rendered":"Singing webinar with Bernadette Kube"},"content":{"rendered":"<p><h3>No singing teacher near you? No problem!<\/h3>\n<p>If you can't find a singing teacher near you or find it difficult to fit singing lessons into your hectic lifestyle, then I have the perfect solution for you: video-based online singing courses. With these courses, you can enjoy maximum flexibility in terms of time and location to improve your singing skills.<\/p>\n<h3>Find out more in the live webinar and try out singing exercises!<\/h3>\n<p>Would you like to find out more about my online courses? Then let my live webinar inspire you! Here I share valuable knowledge about learning to sing while we try out singing exercises together. You can also ask me questions at any time.<\/p>\n<h3>Singing as a hobby for body and soul - also possible online!<\/h3>\n<p>Singing is not only fun, but also good for body and soul. Whether online or offline, learning to sing offers countless benefits for your well-being. Find out how you can learn to sing online and sign up for my free webinar. I look forward to supporting you in the best possible way.<\/p>\n<p>Sing a Song-Be Happy! <br>Your Bernadette \ud83c\udfb6<\/p><\/p>\n\n\n\n<figure class=\"wp-block-image size-large\"><img loading=\"lazy\" decoding=\"async\" width=\"704\" height=\"470\" src=\"https:\/\/singasong-behappy.de\/wp-content\/uploads\/2022\/12\/webinargross.svg\" alt=\"\" class=\"wp-image-2721\" srcset=\"https:\/\/singasong-behappy.de\/wp-content\/uploads\/2022\/12\/webinargross.svg 18w, https:\/\/singasong-behappy.de\/wp-content\/uploads\/2022\/12\/webinargross.svg 704w\" sizes=\"auto, (max-width: 704px) 100vw, 704px\" \/><\/figure>\n\n\n\n<p>Learn to sing online<\/p>\n\n\n\n<div class=\"wp-block-buttons is-layout-flex wp-block-buttons-is-layout-flex\">\n<div class=\"wp-block-button\"><a class=\"wp-block-button__link wp-element-button\">Register now for free<\/a><\/div>\n<\/div>\n\n\n\n<p>for beginners, advanced and professionals<\/p>\n\n\n\n<p>I'll show you how it's done!<\/p>\n\n\n\n<p>On 17.07.2025 from 18:30<\/p>\n\n\n\n<h2 class=\"wp-block-heading\">Start now with your voice<\/h2>\n\n\n\n<p>Take the first step and register for my free webinar. During the webinar you also have the opportunity to ask me questions live in the chat.<\/p>\n\n\n\n<h3 class=\"wp-block-heading\">Discover the advantages of video-based online singing lessons!<\/h3>","protected":false},"excerpt":{"rendered":"<p>Kein Gesangslehrer in deiner N\u00e4he? Kein Problem! Wenn du keinen Gesangslehrer in deiner N\u00e4he findest oder es dir schwerf\u00e4llt, den Gesangsunterricht in deinen hektischen Lebensalltag einzuplanen, dann habe ich die perfekte L\u00f6sung f\u00fcr dich: videobasierte Online-Gesangskurse. Mit diesen Kursen genie\u00dft du maximale zeitliche und r\u00e4umliche Flexibilit\u00e4t, um deine Gesangsf\u00e4higkeiten zu verbessern. Erfahre mehr im Live-Webinar [&hellip;]<\/p>\n","protected":false},"author":11,"featured_media":0,"parent":0,"menu_order":0,"comment_status":"closed","ping_status":"closed","template":"","meta":{"_acf_changed":false,"footnotes":""},"page-cat":[],"class_list":["post-7152","page","type-page","status-publish","hentry"],"acf":[],"_links":{"self":[{"href":"https:\/\/singasong-behappy.de\/en\/wp-json\/wp\/v2\/pages\/7152","targetHints":{"allow":["GET"]}}],"collection":[{"href":"https:\/\/singasong-behappy.de\/en\/wp-json\/wp\/v2\/pages"}],"about":[{"href":"https:\/\/singasong-behappy.de\/en\/wp-json\/wp\/v2\/types\/page"}],"author":[{"embeddable":true,"href":"https:\/\/singasong-behappy.de\/en\/wp-json\/wp\/v2\/users\/11"}],"replies":[{"embeddable":true,"href":"https:\/\/singasong-behappy.de\/en\/wp-json\/wp\/v2\/comments?post=7152"}],"version-history":[{"count":21,"href":"https:\/\/singasong-behappy.de\/en\/wp-json\/wp\/v2\/pages\/7152\/revisions"}],"predecessor-version":[{"id":7269,"href":"https:\/\/singasong-behappy.de\/en\/wp-json\/wp\/v2\/pages\/7152\/revisions\/7269"}],"wp:attachment":[{"href":"https:\/\/singasong-behappy.de\/en\/wp-json\/wp\/v2\/media?parent=7152"}],"wp:term":[{"taxonomy":"page-cat","embeddable":true,"href":"https:\/\/singasong-behappy.de\/en\/wp-json\/wp\/v2\/page-cat?post=7152"}],"curies":[{"name":"wp","href":"https:\/\/api.w.org\/{rel}","templated":true}]}}