{"id":6241,"date":"2024-12-11T18:28:52","date_gmt":"2024-12-11T17:28:52","guid":{"rendered":"https:\/\/singasong-behappy.test\/?page_id=6241"},"modified":"2025-08-09T14:43:09","modified_gmt":"2025-08-09T12:43:09","slug":"gutscheine-fuer-online-gesangskurse","status":"publish","type":"page","link":"https:\/\/singasong-behappy.de\/en\/singen-lernen-shop\/gutscheine-fuer-online-gesangskurse\/","title":{"rendered":"Vouchers for online singing courses"},"content":{"rendered":"Sing a Song - Be Happy Shop\n\n<h1 class=\"wp-block-heading\">\ud83c\udf81 Vouchers for online singing courses<\/h1>\n\n<figure class=\"wp-block-image size-full\"><img loading=\"lazy\" decoding=\"async\" width=\"704\" height=\"470\" src=\"https:\/\/singasong-behappy.de\/wp-content\/uploads\/2022\/12\/webinargross.svg\" alt class=\"wp-image-2721\" srcset=\"https:\/\/singasong-behappy.de\/wp-content\/uploads\/2022\/12\/webinargross.svg 18w, https:\/\/singasong-behappy.de\/wp-content\/uploads\/2022\/12\/webinargross.svg 704w\" sizes=\"auto, (max-width: 704px) 100vw, 704px\" \/><\/figure>\n\n<p><strong>Nice to have you here!<\/strong><\/p><p>Looking for the perfect gift for your friends and family or maybe something special for yourself? With us, everything revolves around singing!\u00a0<\/p>\n\n<h2 class=\"wp-block-heading\">\ud83c\udf1f Give the gift of a whole year full of music and singing!<\/h2>\n\n<figure class=\"wp-block-image size-full\"><img loading=\"lazy\" decoding=\"async\" width=\"1920\" height=\"1080\" src=\"https:\/\/singasong-behappy.de\/wp-content\/uploads\/2024\/12\/ff1-u5-2.jpg\" alt class=\"wp-image-5645\" srcset=\"https:\/\/singasong-behappy.de\/wp-content\/uploads\/2024\/12\/ff1-u5-2.jpg 1920w, https:\/\/singasong-behappy.de\/wp-content\/uploads\/2024\/12\/ff1-u5-2-1536x864.jpg 1536w, https:\/\/singasong-behappy.de\/wp-content\/uploads\/2024\/12\/ff1-u5-2-18x10.jpg 18w, https:\/\/singasong-behappy.de\/wp-content\/uploads\/2024\/12\/ff1-u5-2-1440x810.jpg 1440w, https:\/\/singasong-behappy.de\/wp-content\/uploads\/2024\/12\/ff1-u5-2-960x540.jpg 960w, https:\/\/singasong-behappy.de\/wp-content\/uploads\/2024\/12\/ff1-u5-2-480x270.jpg 480w, https:\/\/singasong-behappy.de\/wp-content\/uploads\/2024\/12\/ff1-u5-2-240x135.jpg 240w\" sizes=\"auto, (max-width: 1920px) 100vw, 1920px\" \/><\/figure>\n\n<p>Our annual subscription to the online singing course gives the recipient the opportunity to develop their voice and perfect their singing techniques.<\/p>\n<ul>\n<li><b>Extensive contents:<\/b> Access a variety of lessons that cover all aspects of singing - from breathing technique and voice training to supportive bodywork.<\/li>\n<li><b>Flexible participation:<\/b> Whether beginner or advanced, the course is designed so that everyone can learn at their own pace.<\/li>\n<li><b>Group coaching:<\/b> Regular interactive sessions with valuable feedback and tips directly from me<\/li>\n<li><b>Exclusive community:<\/b> Join a supportive group of like-minded people, share experiences and learn together.<\/li>\n<li><strong>Karaoke parties: <\/strong>All subscribers can take part in regular karaoke parties and experience an unforgettable evening of fun and music.<\/li>\n<\/ul>\n\n<h2 class=\"wp-block-heading\">\ud83c\udfa4 Ideal as a gift for...<\/h2>\n\n<ul class=\"wp-block-list\">\n<li>Singing enthusiasts who want to deepen their passion.<\/li>\n<li>Amateur singers who want to learn new things and develop creatively.<\/li>\n<li>Everyone who wants to experience the fun of singing and develop personally.<\/li>\n<\/ul>\n<p>Make your loved ones happy and give them the chance to immerse themselves in the world of singing.<\/p>\n<p>Choose between an annual membership subscription for women or men and activate the gift option.<\/p>\n<p>\ud83d\udc49\u00a0<b>Give the gift of a whole year of musical fun now!<\/b><\/p>\n\n<div class=\"wp-block-buttons is-layout-flex wp-block-buttons-is-layout-flex\"><div class=\"wp-block-button\"><a class=\"wp-block-button__link\">For women<\/a><\/div><\/div>\n\n<figure class=\"wp-block-image size-full\"><img loading=\"lazy\" decoding=\"async\" width=\"1920\" height=\"1080\" src=\"https:\/\/singasong-behappy.de\/wp-content\/uploads\/2022\/01\/ff1-u8-2.jpg\" alt class=\"wp-image-2347\" srcset=\"https:\/\/singasong-behappy.de\/wp-content\/uploads\/2022\/01\/ff1-u8-2.jpg 1920w, https:\/\/singasong-behappy.de\/wp-content\/uploads\/2022\/01\/ff1-u8-2-300x169.jpg 300w, https:\/\/singasong-behappy.de\/wp-content\/uploads\/2022\/01\/ff1-u8-2-1024x576.jpg 1024w, https:\/\/singasong-behappy.de\/wp-content\/uploads\/2022\/01\/ff1-u8-2-768x432.jpg 768w, https:\/\/singasong-behappy.de\/wp-content\/uploads\/2022\/01\/ff1-u8-2-1536x864.jpg 1536w, https:\/\/singasong-behappy.de\/wp-content\/uploads\/2022\/01\/ff1-u8-2-18x10.jpg 18w, https:\/\/singasong-behappy.de\/wp-content\/uploads\/2022\/01\/ff1-u8-2-600x338.jpg 600w\" sizes=\"auto, (max-width: 1920px) 100vw, 1920px\" \/><\/figure>\n\n<div class=\"wp-block-buttons is-layout-flex wp-block-buttons-is-layout-flex\"><div class=\"wp-block-button\"><a class=\"wp-block-button__link\">For men<\/a><\/div><\/div>\n\nSinging course vouchers\n\n<div class=\"wp-block-buttons is-layout-flex wp-block-buttons-is-layout-flex\"><div class=\"wp-block-button\"><a class=\"wp-block-button__link\">To the selection<\/a><\/div><\/div>","protected":false},"excerpt":{"rendered":"<p>Sing a Song \u2013 Be Happy Shop \ud83c\udf81 Gutscheine f\u00fcr Online-Gesangskurse Sch\u00f6n, dass Du hier bist! Auf der Suche nach dem perfekten Geschenk f\u00fcr deine Freunde und Familie oder vielleicht etwas Besonderem f\u00fcr Dich selbst? Bei uns dreht sich alles rund ums Singen!\u00a0 \ud83c\udf1f Verschenke ein ganzes Jahr voller Musik und Gesang! Mit unserem Jahresabo [&hellip;]<\/p>\n","protected":false},"author":11,"featured_media":0,"parent":5636,"menu_order":0,"comment_status":"closed","ping_status":"closed","template":"","meta":{"_acf_changed":false,"footnotes":""},"page-cat":[],"class_list":["post-6241","page","type-page","status-publish","hentry"],"acf":[],"_links":{"self":[{"href":"https:\/\/singasong-behappy.de\/en\/wp-json\/wp\/v2\/pages\/6241","targetHints":{"allow":["GET"]}}],"collection":[{"href":"https:\/\/singasong-behappy.de\/en\/wp-json\/wp\/v2\/pages"}],"about":[{"href":"https:\/\/singasong-behappy.de\/en\/wp-json\/wp\/v2\/types\/page"}],"author":[{"embeddable":true,"href":"https:\/\/singasong-behappy.de\/en\/wp-json\/wp\/v2\/users\/11"}],"replies":[{"embeddable":true,"href":"https:\/\/singasong-behappy.de\/en\/wp-json\/wp\/v2\/comments?post=6241"}],"version-history":[{"count":0,"href":"https:\/\/singasong-behappy.de\/en\/wp-json\/wp\/v2\/pages\/6241\/revisions"}],"up":[{"embeddable":true,"href":"https:\/\/singasong-behappy.de\/en\/wp-json\/wp\/v2\/pages\/5636"}],"wp:attachment":[{"href":"https:\/\/singasong-behappy.de\/en\/wp-json\/wp\/v2\/media?parent=6241"}],"wp:term":[{"taxonomy":"page-cat","embeddable":true,"href":"https:\/\/singasong-behappy.de\/en\/wp-json\/wp\/v2\/page-cat?post=6241"}],"curies":[{"name":"wp","href":"https:\/\/api.w.org\/{rel}","templated":true}]}}