{"id":5636,"date":"2024-12-01T23:11:02","date_gmt":"2024-12-01T22:11:02","guid":{"rendered":"https:\/\/singasong-behappy.de\/?page_id=5636"},"modified":"2025-10-12T16:34:51","modified_gmt":"2025-10-12T14:34:51","slug":"singen-lernen-shop","status":"publish","type":"page","link":"https:\/\/singasong-behappy.de\/en\/singen-lernen-shop\/","title":{"rendered":"Learn to sing Shop"},"content":{"rendered":"<h1 class=\"wp-block-heading\">\ud83c\udf81 Welcome to the Sing a Song-Be Happy Shop!<\/h1>\n\n<figure class=\"wp-block-image size-large\"><img loading=\"lazy\" decoding=\"async\" width=\"704\" height=\"470\" src=\"https:\/\/singasong-behappy.de\/wp-content\/uploads\/2022\/12\/webinargross.svg\" alt class=\"wp-image-2721\" srcset=\"https:\/\/singasong-behappy.de\/wp-content\/uploads\/2022\/12\/webinargross.svg 18w, https:\/\/singasong-behappy.de\/wp-content\/uploads\/2022\/12\/webinargross.svg 704w\" sizes=\"auto, (max-width: 704px) 100vw, 704px\" \/><\/figure>\n\n<p><strong>Nice to have you here!<\/strong><\/p>\n<p>Looking for the perfect gift for your friends and family or maybe something special for yourself? With us, everything revolves around singing!\u00a0<\/p>\n\n<h2 class=\"wp-block-heading\">\ud83c\udf1f Give the gift of a whole year full of music and singing!<\/h2>\n\n<figure class=\"wp-block-image size-full\"><img loading=\"lazy\" decoding=\"async\" width=\"1920\" height=\"1080\" src=\"https:\/\/singasong-behappy.de\/wp-content\/uploads\/2024\/12\/ff1-u5-2.jpg\" alt class=\"wp-image-5645\" srcset=\"https:\/\/singasong-behappy.de\/wp-content\/uploads\/2024\/12\/ff1-u5-2.jpg 1920w, https:\/\/singasong-behappy.de\/wp-content\/uploads\/2024\/12\/ff1-u5-2-1536x864.jpg 1536w, https:\/\/singasong-behappy.de\/wp-content\/uploads\/2024\/12\/ff1-u5-2-18x10.jpg 18w, https:\/\/singasong-behappy.de\/wp-content\/uploads\/2024\/12\/ff1-u5-2-1440x810.jpg 1440w, https:\/\/singasong-behappy.de\/wp-content\/uploads\/2024\/12\/ff1-u5-2-960x540.jpg 960w, https:\/\/singasong-behappy.de\/wp-content\/uploads\/2024\/12\/ff1-u5-2-480x270.jpg 480w, https:\/\/singasong-behappy.de\/wp-content\/uploads\/2024\/12\/ff1-u5-2-240x135.jpg 240w\" sizes=\"auto, (max-width: 1920px) 100vw, 1920px\" \/><\/figure>\n\n<p>Our annual subscription to the online singing course gives the recipient the opportunity to develop their voice and perfect their singing techniques.<\/p>\n<ul>\n<li><b>Extensive contents:<\/b> Access a variety of lessons that cover all aspects of singing - from breathing technique and voice training to supportive bodywork.<\/li>\n<li><b>Flexible participation:<\/b> Whether beginner or advanced, the course is designed so that everyone can learn at their own pace.<\/li>\n<li><b>Group coaching:<\/b> Regular interactive sessions with valuable feedback and tips directly from me<\/li>\n<li><b>Exclusive community:<\/b> Join a supportive group of like-minded people, share experiences and learn together.<\/li>\n<li><strong>Karaoke parties: <\/strong>All subscribers can take part in regular karaoke parties and experience an unforgettable evening of fun and music.<\/li>\n<\/ul>\n\n<h2 class=\"wp-block-heading\">\ud83c\udfa4 Ideal as a gift for...<\/h2>\n\n<ul class=\"wp-block-list\">\n<li>Singing enthusiasts who want to deepen their passion.<\/li>\n<li>Amateur singers who want to learn new things and develop creatively.<\/li>\n<li>Everyone who wants to experience the fun of singing and develop personally.<\/li>\n<\/ul>\n<p>Make your loved ones happy and give them the chance to immerse themselves in the world of singing.<\/p>\n<p>Choose between an annual membership subscription for women or men and activate the gift option.<\/p>\n<p>\ud83d\udc49\u00a0<b>Give the gift of a whole year of musical fun now!<\/b><\/p>\n\n<div class=\"wp-block-buttons is-layout-flex wp-block-buttons-is-layout-flex\"><div class=\"wp-block-button\"><a class=\"wp-block-button__link\">For women<\/a><\/div><\/div>\n\n<figure class=\"wp-block-image size-full\"><img loading=\"lazy\" decoding=\"async\" width=\"1920\" height=\"1080\" src=\"https:\/\/singasong-behappy.de\/wp-content\/uploads\/2022\/01\/ff1-u8-2.jpg\" alt class=\"wp-image-2347\" srcset=\"https:\/\/singasong-behappy.de\/wp-content\/uploads\/2022\/01\/ff1-u8-2.jpg 1920w, https:\/\/singasong-behappy.de\/wp-content\/uploads\/2022\/01\/ff1-u8-2-300x169.jpg 300w, https:\/\/singasong-behappy.de\/wp-content\/uploads\/2022\/01\/ff1-u8-2-1024x576.jpg 1024w, https:\/\/singasong-behappy.de\/wp-content\/uploads\/2022\/01\/ff1-u8-2-768x432.jpg 768w, https:\/\/singasong-behappy.de\/wp-content\/uploads\/2022\/01\/ff1-u8-2-1536x864.jpg 1536w, https:\/\/singasong-behappy.de\/wp-content\/uploads\/2022\/01\/ff1-u8-2-18x10.jpg 18w, https:\/\/singasong-behappy.de\/wp-content\/uploads\/2022\/01\/ff1-u8-2-600x338.jpg 600w\" sizes=\"auto, (max-width: 1920px) 100vw, 1920px\" \/><\/figure>\n\n<div class=\"wp-block-buttons is-layout-flex wp-block-buttons-is-layout-flex\"><div class=\"wp-block-button\"><a class=\"wp-block-button__link\">For men<\/a><\/div><\/div>\n\nSinging course vouchers\n\n<h2 class=\"wp-block-heading\">Give the gift of a unique singing experience<br><\/h2>\n\n<h3 class=\"wp-block-heading\">Voucher for a singing workshop \ud83c\udfa4<\/h3>\n\n<div class=\"wp-block-buttons is-layout-flex wp-block-buttons-is-layout-flex\"><div class=\"wp-block-button\"><a class=\"wp-block-button__link\">learn more<\/a><\/div><\/div>\n\n<p>The&nbsp;<strong>Sing a Song-Be Happy Singing Workshop<\/strong>&nbsp;offers a weekend of exciting insights into singing techniques, expression and voice training - including individual coaching.&nbsp;<\/p>\n<p>Whether you are a beginner, amateur or professional singer, you can sing, try out and rediscover your voice in a relaxed atmosphere in Berlin.<\/p>\n\n<h3 class=\"wp-block-heading\">Voucher for online singing courses \ud83c\udfb6<\/h3>\n\n<p><strong>Give the gift of a year full of music!<\/strong><\/p>\n<p>With our <strong>Online singing course annual subscription<\/strong> singing enthusiasts learn flexibly at their own pace, receive group coaching, access to an exclusive community and can take part in karaoke parties!<\/p>\n\n<div class=\"wp-block-buttons is-layout-flex wp-block-buttons-is-layout-flex\"><div class=\"wp-block-button\"><a class=\"wp-block-button__link\">learn more<\/a><\/div><\/div>\n\n<h3 class=\"wp-block-heading\">Voucher for a singing trial lesson \ud83c\udfa4<\/h3>\n\n<p>Inspire with a gift that brings pure musical joy and perhaps awakens the start of a new musical passion - and secure a voucher for a singing trial lesson.<\/p>\n\n<div class=\"wp-block-buttons is-layout-flex wp-block-buttons-is-layout-flex\"><div class=\"wp-block-button\"><a class=\"wp-block-button__link\">learn more<\/a><\/div><\/div>","protected":false},"excerpt":{"rendered":"<p>\ud83c\udf81 Herzlich Willkommen im Sing a Song-Be Happy Shop! Sch\u00f6n, dass Du hier bist! Auf der Suche nach dem perfekten Geschenk f\u00fcr deine Freunde und Familie oder vielleicht etwas Besonderem f\u00fcr Dich selbst? Bei uns dreht sich alles rund ums Singen!\u00a0 \ud83c\udf1f Verschenke ein ganzes Jahr voller Musik und Gesang! Mit unserem Jahresabo f\u00fcr den [&hellip;]<\/p>\n","protected":false},"author":11,"featured_media":0,"parent":0,"menu_order":0,"comment_status":"closed","ping_status":"closed","template":"","meta":{"_acf_changed":false,"footnotes":""},"page-cat":[],"class_list":["post-5636","page","type-page","status-publish","hentry"],"acf":[],"_links":{"self":[{"href":"https:\/\/singasong-behappy.de\/en\/wp-json\/wp\/v2\/pages\/5636","targetHints":{"allow":["GET"]}}],"collection":[{"href":"https:\/\/singasong-behappy.de\/en\/wp-json\/wp\/v2\/pages"}],"about":[{"href":"https:\/\/singasong-behappy.de\/en\/wp-json\/wp\/v2\/types\/page"}],"author":[{"embeddable":true,"href":"https:\/\/singasong-behappy.de\/en\/wp-json\/wp\/v2\/users\/11"}],"replies":[{"embeddable":true,"href":"https:\/\/singasong-behappy.de\/en\/wp-json\/wp\/v2\/comments?post=5636"}],"version-history":[{"count":0,"href":"https:\/\/singasong-behappy.de\/en\/wp-json\/wp\/v2\/pages\/5636\/revisions"}],"wp:attachment":[{"href":"https:\/\/singasong-behappy.de\/en\/wp-json\/wp\/v2\/media?parent=5636"}],"wp:term":[{"taxonomy":"page-cat","embeddable":true,"href":"https:\/\/singasong-behappy.de\/en\/wp-json\/wp\/v2\/page-cat?post=5636"}],"curies":[{"name":"wp","href":"https:\/\/api.w.org\/{rel}","templated":true}]}}