{"id":3472,"date":"2023-05-26T16:32:14","date_gmt":"2023-05-26T14:32:14","guid":{"rendered":"https:\/\/singasong-behappy.de\/?page_id=3472"},"modified":"2026-01-26T09:31:40","modified_gmt":"2026-01-26T08:31:40","slug":"podcast-fur-gesang-und-stimme","status":"publish","type":"page","link":"https:\/\/singasong-behappy.de\/en\/podcast-fur-gesang-und-stimme\/","title":{"rendered":"Podcast for Singing &amp; Voice"},"content":{"rendered":"<h1 class=\"wp-block-heading\">\ud83c\udfa7 Welcome to my singing podcast!<\/h1>\n\n<figure class=\"wp-block-image size-1x1-crop-480px\"><img loading=\"lazy\" decoding=\"async\" width=\"480\" height=\"480\" src=\"https:\/\/singasong-behappy.de\/wp-content\/uploads\/2023\/09\/podcast-stimme-bild-480x480.jpg\" alt class=\"wp-image-4914\" srcset=\"https:\/\/singasong-behappy.de\/wp-content\/uploads\/2023\/09\/podcast-stimme-bild-480x480.jpg 480w, https:\/\/singasong-behappy.de\/wp-content\/uploads\/2023\/09\/podcast-stimme-bild-150x150.jpg 150w, https:\/\/singasong-behappy.de\/wp-content\/uploads\/2023\/09\/podcast-stimme-bild-12x12.jpg 12w, https:\/\/singasong-behappy.de\/wp-content\/uploads\/2023\/09\/podcast-stimme-bild-960x960.jpg 960w, https:\/\/singasong-behappy.de\/wp-content\/uploads\/2023\/09\/podcast-stimme-bild-240x240.jpg 240w, https:\/\/singasong-behappy.de\/wp-content\/uploads\/2023\/09\/podcast-stimme-bild.jpg 1024w\" sizes=\"auto, (max-width: 480px) 100vw, 480px\" \/><\/figure>\n\n<p>No matter where you are - on the road or at home: learn interesting facts about voice &amp; singing in an entertaining way. My experience as a singer and singing teacher as well as the latest findings from voice science and vocal pedagogy await you.<\/p>\n<p>Every month there is a new episode for fresh inspiration. Take time to internalise what you've heard and integrate it into your singing practice. I hope you enjoy the content and find it enriching!<\/p>\n<p>Listen and subscribe to my podcast on your favourite streaming service!<\/p>\n<p>I look forward to seeing you,<\/p>\n<p>Sing a Song-Be Happy!<\/p>\n<p>Yours, Bernadette\u00a0 <img loading=\"lazy\" decoding=\"async\" class=\"an1\" draggable=\"false\" src=\"https:\/\/fonts.gstatic.com\/s\/e\/notoemoji\/15.0\/1f3b6\/72.png\" alt=\"\ud83c\udfb6\" width=\"39\" height=\"39\" data-emoji=\"\ud83c\udfb6\" aria-label=\"\ud83c\udfb6\" \/><\/p>\n\n<h2 class=\"has-text-align-center wp-block-heading\"><\/h2>\n\n<figure class=\"wp-block-image size-full\"><img loading=\"lazy\" decoding=\"async\" width=\"600\" height=\"300\" src=\"https:\/\/singasong-behappy.de\/wp-content\/uploads\/2023\/05\/spotify.jpg\" alt class=\"wp-image-3502\" srcset=\"https:\/\/singasong-behappy.de\/wp-content\/uploads\/2023\/05\/spotify.jpg 600w, https:\/\/singasong-behappy.de\/wp-content\/uploads\/2023\/05\/spotify-300x150.jpg 300w, https:\/\/singasong-behappy.de\/wp-content\/uploads\/2023\/05\/spotify-18x9.jpg 18w\" sizes=\"auto, (max-width: 600px) 100vw, 600px\" \/><\/figure>\n\nListen on Spotify...\n\n<figure class=\"wp-block-image size-full\"><img loading=\"lazy\" decoding=\"async\" width=\"600\" height=\"300\" src=\"https:\/\/singasong-behappy.de\/wp-content\/uploads\/2023\/05\/apple.jpg\" alt class=\"wp-image-3496\" srcset=\"https:\/\/singasong-behappy.de\/wp-content\/uploads\/2023\/05\/apple.jpg 600w, https:\/\/singasong-behappy.de\/wp-content\/uploads\/2023\/05\/apple-300x150.jpg 300w, https:\/\/singasong-behappy.de\/wp-content\/uploads\/2023\/05\/apple-18x9.jpg 18w\" sizes=\"auto, (max-width: 600px) 100vw, 600px\" \/><\/figure>\n\nListen on Apple Podcasts...\n\n<figure class=\"wp-block-image size-full\"><img loading=\"lazy\" decoding=\"async\" width=\"600\" height=\"300\" src=\"https:\/\/singasong-behappy.de\/wp-content\/uploads\/2023\/05\/deezer.jpg\" alt class=\"wp-image-3498\" srcset=\"https:\/\/singasong-behappy.de\/wp-content\/uploads\/2023\/05\/deezer.jpg 600w, https:\/\/singasong-behappy.de\/wp-content\/uploads\/2023\/05\/deezer-300x150.jpg 300w, https:\/\/singasong-behappy.de\/wp-content\/uploads\/2023\/05\/deezer-18x9.jpg 18w\" sizes=\"auto, (max-width: 600px) 100vw, 600px\" \/><\/figure>\n\nListen on deezer...\n\n<figure class=\"wp-block-image size-full\"><img loading=\"lazy\" decoding=\"async\" width=\"600\" height=\"300\" src=\"https:\/\/singasong-behappy.de\/wp-content\/uploads\/2023\/05\/audible.jpg\" alt class=\"wp-image-3497\" srcset=\"https:\/\/singasong-behappy.de\/wp-content\/uploads\/2023\/05\/audible.jpg 600w, https:\/\/singasong-behappy.de\/wp-content\/uploads\/2023\/05\/audible-300x150.jpg 300w, https:\/\/singasong-behappy.de\/wp-content\/uploads\/2023\/05\/audible-18x9.jpg 18w\" sizes=\"auto, (max-width: 600px) 100vw, 600px\" \/><\/figure>\n\nListen on audible\n\n<figure class=\"wp-block-image size-full\"><img loading=\"lazy\" decoding=\"async\" width=\"600\" height=\"300\" src=\"https:\/\/singasong-behappy.de\/wp-content\/uploads\/2024\/05\/rtl-plus-logo-web.png\" alt class=\"wp-image-5382\" srcset=\"https:\/\/singasong-behappy.de\/wp-content\/uploads\/2024\/05\/rtl-plus-logo-web.png 600w, https:\/\/singasong-behappy.de\/wp-content\/uploads\/2024\/05\/rtl-plus-logo-web-18x9.png 18w, https:\/\/singasong-behappy.de\/wp-content\/uploads\/2024\/05\/rtl-plus-logo-web-480x240.png 480w, https:\/\/singasong-behappy.de\/wp-content\/uploads\/2024\/05\/rtl-plus-logo-web-240x120.png 240w\" sizes=\"auto, (max-width: 600px) 100vw, 600px\" \/><\/figure>\n\nListen on RTL+","protected":false},"excerpt":{"rendered":"<p>\ud83c\udfa7 Willkommen zu meinem Gesangs-Podcast! Egal wo du bist \u2013 unterwegs oder zuhause: Erfahre Wissenswertes zu Stimme &amp; Gesang auf unterhaltsame Weise. Meine Erfahrungen als S\u00e4ngerin und Gesangslehrerin sowie neueste Erkenntnisse aus Stimmwissenschaft &amp; Gesangsp\u00e4dagogik erwarten Dich. Jeden Monat gibt es eine neue Folge f\u00fcr frische Inspiration. Nimm dir Zeit, das Geh\u00f6rte zu verinnerlichen und [&hellip;]<\/p>\n","protected":false},"author":11,"featured_media":0,"parent":0,"menu_order":0,"comment_status":"closed","ping_status":"closed","template":"","meta":{"_acf_changed":false,"footnotes":""},"page-cat":[],"class_list":["post-3472","page","type-page","status-publish","hentry"],"acf":[],"_links":{"self":[{"href":"https:\/\/singasong-behappy.de\/en\/wp-json\/wp\/v2\/pages\/3472","targetHints":{"allow":["GET"]}}],"collection":[{"href":"https:\/\/singasong-behappy.de\/en\/wp-json\/wp\/v2\/pages"}],"about":[{"href":"https:\/\/singasong-behappy.de\/en\/wp-json\/wp\/v2\/types\/page"}],"author":[{"embeddable":true,"href":"https:\/\/singasong-behappy.de\/en\/wp-json\/wp\/v2\/users\/11"}],"replies":[{"embeddable":true,"href":"https:\/\/singasong-behappy.de\/en\/wp-json\/wp\/v2\/comments?post=3472"}],"version-history":[{"count":0,"href":"https:\/\/singasong-behappy.de\/en\/wp-json\/wp\/v2\/pages\/3472\/revisions"}],"wp:attachment":[{"href":"https:\/\/singasong-behappy.de\/en\/wp-json\/wp\/v2\/media?parent=3472"}],"wp:term":[{"taxonomy":"page-cat","embeddable":true,"href":"https:\/\/singasong-behappy.de\/en\/wp-json\/wp\/v2\/page-cat?post=3472"}],"curies":[{"name":"wp","href":"https:\/\/api.w.org\/{rel}","templated":true}]}}