{"id":32,"date":"2021-12-22T17:00:16","date_gmt":"2021-12-22T16:00:16","guid":{"rendered":"https:\/\/singasong-behappy.de\/?page_id=32"},"modified":"2024-08-18T17:43:53","modified_gmt":"2024-08-18T15:43:53","slug":"datenschutz","status":"publish","type":"page","link":"https:\/\/singasong-behappy.de\/en\/datenschutz\/","title":{"rendered":"Data protection"},"content":{"rendered":"\n<div class=\"wp-block-columns is-layout-flex wp-container-core-columns-is-layout-9d6595d7 wp-block-columns-is-layout-flex\">\n<div class=\"wp-block-column is-layout-flow wp-block-column-is-layout-flow\">\n<h2 class=\"wp-block-heading\" id=\"h-datenschutz-auf-einen-blick\">Datenschutz auf einen Blick<\/h2>\n\n\n\n<p>Allgemeine Hinweise<br>Die folgenden Hinweise geben einen einfachen \u00dcberblick dar\u00fcber, was mit Ihren personenbezogenen Daten passiert, wenn Sie unsere Website besuchen. Personenbezogene Daten sind alle Daten, mit denen Sie pers\u00f6nlich identifiziert werden k\u00f6nnen. Ausf\u00fchrliche Informationen zum Thema Datenschutz entnehmen Sie unserer unter diesem Text aufgef\u00fchrten Datenschutzerkl\u00e4rung.<\/p>\n\n\n\n<h2 class=\"wp-block-heading\" id=\"h-datenerfassung-auf-unserer-website\">Datenerfassung auf unserer Website<\/h2>\n\n\n\n<p>Wer ist verantwortlich f\u00fcr die Datenerfassung auf dieser Website?<\/p>\n\n\n\n<p>Die Datenverarbeitung auf dieser Website erfolgt durch den Websitebetreiber. Dessen Kontaktdaten k\u00f6nnen Sie dem Impressum dieser Website entnehmen.<\/p>\n\n\n\n<h2 class=\"wp-block-heading\">Wie erfassen wir Ihre Daten?<\/h2>\n\n\n\n<p>Ihre Daten werden zum einen dadurch erhoben, dass Sie uns diese mitteilen. Hierbei kann es sich z.B. um Daten handeln, die Sie in ein Kontaktformular eingeben.<\/p>\n\n\n\n<p>Andere Daten werden automatisch beim Besuch der Website durch unsere IT-Systeme erfasst. Das sind vor allem technische Daten (z.B. Internetbrowser, Betriebssystem oder Uhrzeit des Seitenaufrufs). Die Erfassung dieser Daten erfolgt automatisch, sobald Sie unsere Website betreten.<\/p>\n\n\n\n<h2 class=\"wp-block-heading\">Wof\u00fcr nutzen wir Ihre Daten?<\/h2>\n\n\n\n<p>Ein Teil der Daten wird erhoben, um eine fehlerfreie Bereitstellung der Website zu gew\u00e4hrleisten. Andere Daten k\u00f6nnen zur Analyse Ihres Nutzerverhaltens verwendet werden.<\/p>\n\n\n\n<h2 class=\"wp-block-heading\">Welche Rechte haben Sie bez\u00fcglich Ihrer Daten?<\/h2>\n\n\n\n<p>Sie haben jederzeit das Recht unentgeltlich Auskunft \u00fcber Herkunft, Empf\u00e4nger und Zweck Ihrer gespeicherten personenbezogenen Daten zu erhalten. Sie haben au\u00dferdem ein Recht, die Berichtigung, Sperrung oder L\u00f6schung dieser Daten zu verlangen. Hierzu sowie zu weiteren Fragen zum Thema Datenschutz k\u00f6nnen Sie sich jederzeit unter der im Impressum angegebenen Adresse an uns wenden. Des Weiteren steht Ihnen ein Beschwerderecht bei der zust\u00e4ndigen Aufsichtsbeh\u00f6rde zu.<\/p>\n\n\n\n<p><strong>Allgemeine Hinweise und Pflichtinformationen<\/strong><br>Datenschutz<br>Die Betreiber dieser Seiten nehmen den Schutz Ihrer pers\u00f6nlichen Daten sehr ernst. Wir behandeln Ihre personenbezogenen Daten vertraulich und entsprechend der gesetzlichen Datenschutzvorschriften sowie dieser Datenschutzerkl\u00e4rung.<\/p>\n\n\n\n<p>Wenn Sie diese Website benutzen, werden verschiedene personenbezogene Daten erhoben. Personenbezogene Daten sind Daten, mit denen Sie pers\u00f6nlich identifiziert werden k\u00f6nnen. Die vorliegende Datenschutzerkl\u00e4rung erl\u00e4utert, welche Daten wir erheben und wof\u00fcr wir sie nutzen. Sie erl\u00e4utert auch, wie und zu welchem Zweck das geschieht.<\/p>\n\n\n\n<p>Wir weisen darauf hin, dass die Daten\u00fcbertragung im Internet (z.B. bei der Kommunikation per E-Mail) Sicherheitsl\u00fccken aufweisen kann. Ein l\u00fcckenloser Schutz der Daten vor dem Zugriff durch Dritte ist nicht m\u00f6glich.<\/p>\n\n\n\n<p>Hinweis zur verantwortlichen Stelle<br>Die verantwortliche Stelle f\u00fcr die Datenverarbeitung auf dieser Website ist:<\/p>\n\n\n\n<p>Bernadette Kube<br>Anklamer Stra\u00dfe 38<br>10115 Berlin<\/p>\n\n\n\n<p>Telefon und E-Mail: Siehe Impressum<\/p>\n\n\n\n<p>Verantwortliche Stelle ist die nat\u00fcrliche oder juristische Person, die allein oder gemeinsam mit anderen \u00fcber die Zwecke und Mittel der Verarbeitung von personenbezogenen Daten (z.B. Namen, E-Mail-Adressen o. \u00c4.) entscheidet.<\/p>\n\n\n\n<p><strong>3. Datenerfassung auf unserer Website<\/strong><br>Server-Log-Dateien<br>Der Provider der Seiten erhebt und speichert automatisch Informationen in so genannten Server-Log-Dateien, die Ihr Browser automatisch an uns \u00fcbermittelt. Dies sind:<\/p>\n\n\n\n<p>Browsertyp und Browserversion<br>verwendetes Betriebssystem<br>Referrer URL<br>Hostname des zugreifenden Rechners<br>Uhrzeit der Serveranfrage<br>IP-Adresse<br>Eine Zusammenf\u00fchrung dieser Daten mit anderen Datenquellen wird nicht vorgenommen.<\/p>\n\n\n\n<p>Grundlage f\u00fcr die Datenverarbeitung ist Art. 6 Abs. 1 lit. b DSGVO, der die Verarbeitung von Daten zur Erf\u00fcllung eines Vertrags oder vorvertraglicher Ma\u00dfnahmen gestattet.<\/p>\n\n\n\n<h2 class=\"wp-block-heading\" id=\"h-plugins-und-tools\">Plugins und Tools<\/h2>\n\n\n\n<h3 class=\"wp-block-heading\">Vimeo<\/h3>\n\n\n\n<p>Unsere Website nutzt Plugins des Videoportals Vimeo. Anbieter ist die Vimeo Inc., 555 West 18th Street, New York, New York 10011, USA.<\/p>\n\n\n\n<p>Wenn Sie eine unserer mit einem Vimeo-Plugin ausgestatteten Seiten besuchen, wird eine Verbindung zu den Servern von Vimeo hergestellt. Dabei wird dem Vimeo-Server mitgeteilt, welche unserer Seiten Sie besucht haben. Zudem erlangt Vimeo Ihre IP-Adresse. Dies gilt auch dann, wenn Sie nicht bei Vimeo eingeloggt sind oder keinen Account bei Vimeo besitzen. Die von Vimeo erfassten Informationen werden an den Vimeo-Server in den USA \u00fcbermittelt.<\/p>\n\n\n\n<p>Wenn Sie in Ihrem Vimeo-Account eingeloggt sind, erm\u00f6glichen Sie Vimeo, Ihr Surfverhalten direkt Ihrem pers\u00f6nlichen Profil zuzuordnen. Dies k\u00f6nnen Sie verhindern, indem Sie sich aus Ihrem Vimeo-Account ausloggen.<\/p>\n\n\n\n<p>Weitere Informationen zum Umgang mit Nutzerdaten finden Sie in der Datenschutzerkl\u00e4rung von Vimeo unter: https:\/\/vimeo.com\/privacy.<\/p>\n\n\n\n<h3 class=\"wp-block-heading\" id=\"h-facebook-pixels\">Facebook-Pixels<\/h3>\n\n\n\n<p>Wir setzen auf unserer Website das Facebook-Pixel der Meta Platforms, Inc. (ehemals Facebook Inc.) ein. Hierbei handelt es sich um ein kleines St\u00fcck Code, das folgende Funktionen erf\u00fcllt:<\/p>\n\n\n\n<ol class=\"wp-block-list\">\n<li>Es erm\u00f6glicht uns, die Wirksamkeit unserer Facebook-Werbeanzeigen zu messen und zu optimieren.<\/li>\n\n\n\n<li>Es hilft uns, Ihnen relevantere Werbung auf Facebook anzuzeigen, basierend auf Ihren Interaktionen mit unserer Website.<\/li>\n\n\n\n<li>Es unterst\u00fctzt uns bei der Erstellung von Zielgruppen f\u00fcr unsere Werbekampagnen auf Facebook.<\/li>\n<\/ol>\n\n\n\n<p>Das Facebook-Pixel sammelt dabei folgende Arten von Daten:<\/p>\n\n\n\n<ul class=\"wp-block-list\">\n<li>HTTP-Header-Informationen (einschlie\u00dflich IP-Adresse, Informationen zum Webbrowser, Seitenstandort, Dokument, Referrer und Person, die die Website nutzt)<\/li>\n\n\n\n<li>Pixel-spezifische Daten (Pixel-ID und Facebook-Cookie)<\/li>\n\n\n\n<li>Schaltfl\u00e4chenklick-Daten<\/li>\n\n\n\n<li>Optional von uns festgelegte Werte wie Conversion-Wert und Seitentyp<\/li>\n\n\n\n<li>Formularfeldnamen (ohne die eingegebenen Werte)<\/li>\n<\/ul>\n\n\n\n<p>Diese Daten werden an Facebook \u00fcbermittelt und dort gespeichert. Facebook kann diese Informationen mit Ihrem Facebook-Konto verkn\u00fcpfen und f\u00fcr eigene Werbezwecke gem\u00e4\u00df der Facebook-Datenrichtlinie verwenden (<a href=\"https:\/\/www.facebook.com\/about\/privacy\/\" target=\"_blank\" rel=\"noreferrer noopener\">https:\/\/www.facebook.com\/about\/privacy\/<\/a>).Rechtsgrundlage f\u00fcr die Verwendung des Facebook-Pixels ist Ihre Einwilligung gem\u00e4\u00df Art. 6 Abs. 1 lit. a DSGVO, die Sie \u00fcber unser Cookie-Banner erteilen k\u00f6nnen.Sie k\u00f6nnen der Erfassung und Verwendung Ihrer Daten durch das Facebook-Pixel jederzeit widersprechen, indem Sie Ihre Cookie-Einstellungen in unserem Cookie-Banner anpassen oder Ihre Werbeeinstellungen auf Facebook \u00e4ndern:\u00a0<a href=\"https:\/\/www.facebook.com\/ads\/preferences\" target=\"_blank\" rel=\"noreferrer noopener\">https:\/\/www.facebook.com\/ads\/preferences<\/a>Weitere Informationen zum Datenschutz bei Facebook finden Sie unter:\u00a0<a href=\"https:\/\/www.facebook.com\/about\/privacy\/\" target=\"_blank\" rel=\"noreferrer noopener\">https:\/\/www.facebook.com\/about\/privacy\/<\/a>Wenn Sie Fragen zur Verwendung des Facebook-Pixels auf unserer Website haben, kontaktieren Sie uns bitte unter [Ihre Kontaktdaten].Dieser Abschnitt deckt die wichtigsten Punkte ab, die laut den Quellen in einer Datenschutzerkl\u00e4rung bez\u00fcglich des Facebook-Pixels enthalten sein sollten. Er informiert die Nutzer dar\u00fcber, welche Daten gesammelt werden, wie sie verwendet werden, auf welcher Rechtsgrundlage dies geschieht und wie sie der Datenerfassung widersprechen k\u00f6nnen.<\/p>\n\n\n\n<h2 class=\"wp-block-heading\">Newsletter und Webinar-Anmeldung<\/h2>\n\n\n\n<h3 class=\"wp-block-heading\">Newsletter-Anmeldung<\/h3>\n\n\n\n<p>Wenn Sie sich f\u00fcr unseren Newsletter anmelden, erfassen wir Ihre E-Mail-Adresse und gegebenenfalls weitere freiwillig angegebene Informationen. Diese Daten verwenden wir ausschlie\u00dflich f\u00fcr den Versand unseres Newsletters, der Sie \u00fcber unsere Produkte, Dienstleistungen und Angebote informiert.Die Verarbeitung Ihrer Daten erfolgt auf Grundlage Ihrer Einwilligung gem\u00e4\u00df Art. 6 Abs. 1 lit. a DSGVO. Sie k\u00f6nnen Ihre Einwilligung jederzeit mit Wirkung f\u00fcr die Zukunft widerrufen, indem Sie den Abmelde-Link in jedem Newsletter nutzen oder uns eine E-Mail an [Ihre E-Mail-Adresse] senden.<\/p>\n\n\n\n<h3 class=\"wp-block-heading\">Webinar-Anmeldung<\/h3>\n\n\n\n<p>Bei der Anmeldung zu unseren Webinaren erfassen wir Ihre E-Mail-Adresse. Diese Daten verwenden wir zur Durchf\u00fchrung des Webinars und um Ihnen relevante Informationen und Erinnerungen zu senden.Die Verarbeitung Ihrer Daten erfolgt auf Grundlage Ihrer Einwilligung gem\u00e4\u00df Art. 6 Abs. 1 lit. a DSGVO. Sie k\u00f6nnen Ihre Einwilligung jederzeit mit Wirkung f\u00fcr die Zukunft widerrufen, indem Sie uns eine E-Mail (siehe Impressum) senden.<\/p>\n\n\n\n<h3 class=\"wp-block-heading\">Speicherung und Verarbeitung in ActiveCampaign<\/h3>\n\n\n\n<p>F\u00fcr den Versand unseres Newsletters und die Verwaltung der Webinar-Anmeldungen nutzen wir den Dienst ActiveCampaign, der von ActiveCampaign, LLC, 1 North Dearborn Street, 5th Floor, Chicago, IL 60602, USA, betrieben wird. ActiveCampaign speichert Ihre Daten auf Servern in den USA.ActiveCampaign ist unter dem EU-US Data Privacy Framework zertifiziert und verpflichtet sich, die Datenschutzstandards der Europ\u00e4ischen Union einzuhalten. Weitere Informationen zur Datenverarbeitung durch ActiveCampaign finden Sie in der&nbsp;<a target=\"_blank\" rel=\"noreferrer noopener\" href=\"https:\/\/www.activecampaign.com\/legal\/privacy-policy\">Datenschutzerkl\u00e4rung von ActiveCampaign<\/a><a target=\"_blank\" rel=\"noreferrer noopener\" href=\"https:\/\/www.activecampaign.com\/legal\/privacy-policy\"><\/a><a target=\"_blank\" rel=\"noreferrer noopener\" href=\"https:\/\/www.activecampaign.com\/legal\"><\/a>.Wir haben mit ActiveCampaign einen Vertrag zur Auftragsverarbeitung (Data Processing Agreement, DPA) abgeschlossen, der sicherstellt, dass ActiveCampaign Ihre Daten nur gem\u00e4\u00df unseren Weisungen und unter Einhaltung der geltenden Datenschutzgesetze verarbeitet.<\/p>\n\n\n\n<h2 class=\"wp-block-heading\">Ihre Rechte<\/h2>\n\n\n\n<p>Sie haben das Recht, Auskunft \u00fcber die bei uns gespeicherten Daten zu erhalten, sowie das Recht auf Berichtigung, L\u00f6schung, Einschr\u00e4nkung der Verarbeitung und Daten\u00fcbertragbarkeit. Zudem haben Sie das Recht, sich bei einer Aufsichtsbeh\u00f6rde zu beschweren.Wenn Sie Fragen zur Verarbeitung Ihrer Daten haben oder Ihre Rechte geltend machen m\u00f6chten, kontaktieren Sie uns bitte unter [Ihre Kontaktdaten].Dieser Abschnitt informiert die Nutzer dar\u00fcber, welche Daten gesammelt werden, zu welchem Zweck sie verwendet werden, wie sie gespeichert und verarbeitet werden, und welche Rechte die Nutzer haben. Er stellt sicher, dass die Nutzung von ActiveCampaign transparent und im Einklang mit den Datenschutzbestimmungen erfolgt.<\/p>\n\n\n\n<p><a href=\"https:\/\/www.consentmanager.net\/knowledge\/general\/design-facebook-pixel-dsgvo-compliant\/\" target=\"_blank\" rel=\"noreferrer noopener\"><\/a><\/p>\n<\/div>\n<\/div>\n","protected":false},"excerpt":{"rendered":"<p>Datenschutz auf einen Blick Allgemeine HinweiseDie folgenden Hinweise geben einen einfachen \u00dcberblick dar\u00fcber, was mit Ihren personenbezogenen Daten passiert, wenn Sie unsere Website besuchen. Personenbezogene Daten sind alle Daten, mit denen Sie pers\u00f6nlich identifiziert werden k\u00f6nnen. Ausf\u00fchrliche Informationen zum Thema Datenschutz entnehmen Sie unserer unter diesem Text aufgef\u00fchrten Datenschutzerkl\u00e4rung. Datenerfassung auf unserer Website Wer ist [&hellip;]<\/p>\n","protected":false},"author":1,"featured_media":0,"parent":0,"menu_order":0,"comment_status":"closed","ping_status":"closed","template":"","meta":{"_acf_changed":false,"footnotes":""},"page-cat":[],"class_list":["post-32","page","type-page","status-publish","hentry"],"acf":[],"_links":{"self":[{"href":"https:\/\/singasong-behappy.de\/en\/wp-json\/wp\/v2\/pages\/32","targetHints":{"allow":["GET"]}}],"collection":[{"href":"https:\/\/singasong-behappy.de\/en\/wp-json\/wp\/v2\/pages"}],"about":[{"href":"https:\/\/singasong-behappy.de\/en\/wp-json\/wp\/v2\/types\/page"}],"author":[{"embeddable":true,"href":"https:\/\/singasong-behappy.de\/en\/wp-json\/wp\/v2\/users\/1"}],"replies":[{"embeddable":true,"href":"https:\/\/singasong-behappy.de\/en\/wp-json\/wp\/v2\/comments?post=32"}],"version-history":[{"count":0,"href":"https:\/\/singasong-behappy.de\/en\/wp-json\/wp\/v2\/pages\/32\/revisions"}],"wp:attachment":[{"href":"https:\/\/singasong-behappy.de\/en\/wp-json\/wp\/v2\/media?parent=32"}],"wp:term":[{"taxonomy":"page-cat","embeddable":true,"href":"https:\/\/singasong-behappy.de\/en\/wp-json\/wp\/v2\/page-cat?post=32"}],"curies":[{"name":"wp","href":"https:\/\/api.w.org\/{rel}","templated":true}]}}