{"id":30,"date":"2021-12-22T17:00:16","date_gmt":"2021-12-22T16:00:16","guid":{"rendered":"https:\/\/singasong-behappy.de\/?page_id=30"},"modified":"2024-08-18T17:38:55","modified_gmt":"2024-08-18T15:38:55","slug":"impressum","status":"publish","type":"page","link":"https:\/\/singasong-behappy.de\/en\/impressum\/","title":{"rendered":"Imprint"},"content":{"rendered":"<p>Responsible for the homepage (in the sense of \u00a7 10 para. 3 MDStV)<br><strong>Bernadette Kube,<\/strong>, Anklamer Stra\u00dfe 38, 10115 Berlin <\/p>\n\n\n\n<h2 class=\"wp-block-heading\" id=\"h-haftungsausschluss\"><strong>Disclaimer<\/strong><\/h2>\n\n\n\n<p>We hereby point out that the use of any kind of information we make available on this internet site is at your own risk. We expressly reserve the right to change the content of these Internet pages at any time. Claims of any kind that may arise from the content and changes are excluded. No guarantee or liability is assumed, in particular for direct or indirect damages resulting from the use of the information on the pages of this website. All images, texts and other information shown here are - unless otherwise indicated - public domain.<\/p>\n\n\n\n<h2 class=\"wp-block-heading\" id=\"h-alternative-streitbeilegung-gemass-art-14-abs-1-odr-vo-und-36-vsbg\">Alternative Dispute Resolution pursuant to Art. 14 (1) ODR Regulation and \u00a7 36 VSBG:<\/h2>\n\n\n\n<p>The European Commission provides a platform for online dispute resolution (ODR), which you can access at&nbsp;<a href=\"https:\/\/ec.europa.eu\/consumers\/odr\" target=\"_blank\" rel=\"noreferrer noopener\">https:\/\/ec.europa.eu\/consumers\/odr<\/a>&nbsp;find. We are not obliged or willing to participate in a dispute resolution procedure before a consumer arbitration board.<\/p>\n\n\n\n<h3 class=\"wp-block-heading\" id=\"h-programmierung-webadmin\">Programming, Webadmin<\/h3>\n\n\n\n<p>\ud83d\udc68\ud83c\udf3e <a href=\"https:\/\/mainetcare.de\" target=\"_blank\" rel=\"noopener\">MaiNetCare - Website maintenance from Berlin<\/a><\/p>\n\n\n\n<h3 class=\"wp-block-heading\" id=\"h-design\">Design<\/h3>\n\n\n\n<p>Design of the website and corporate identity of <a href=\"https:\/\/www.giuliacappello.com\" target=\"_blank\" rel=\"noopener\">Giulia Cappello<\/a><\/p>","protected":false},"excerpt":{"rendered":"<p>Verantwortlicher f\u00fcr die Homepage (im Sinne des \u00a7 10 Abs. 3 MDStV)Bernadette Kube, Anklamer Stra\u00dfe 38, 10115 Berlin Haftungsausschluss Wir weisen hiermit darauf hin, dass die Nutzung jeglicher Art von Informationen, die wir auf dieser Internetseite zur Verf\u00fcgung stellen, auf eigene Gefahr erfolgt. Wir behalten uns ausdr\u00fccklich vor, den Inhalt dieser Internetseiten jederzeit zu \u00e4ndern. [&hellip;]<\/p>\n","protected":false},"author":1,"featured_media":0,"parent":0,"menu_order":0,"comment_status":"closed","ping_status":"closed","template":"","meta":{"_acf_changed":false,"footnotes":""},"page-cat":[],"class_list":["post-30","page","type-page","status-publish","hentry"],"acf":[],"_links":{"self":[{"href":"https:\/\/singasong-behappy.de\/en\/wp-json\/wp\/v2\/pages\/30","targetHints":{"allow":["GET"]}}],"collection":[{"href":"https:\/\/singasong-behappy.de\/en\/wp-json\/wp\/v2\/pages"}],"about":[{"href":"https:\/\/singasong-behappy.de\/en\/wp-json\/wp\/v2\/types\/page"}],"author":[{"embeddable":true,"href":"https:\/\/singasong-behappy.de\/en\/wp-json\/wp\/v2\/users\/1"}],"replies":[{"embeddable":true,"href":"https:\/\/singasong-behappy.de\/en\/wp-json\/wp\/v2\/comments?post=30"}],"version-history":[{"count":0,"href":"https:\/\/singasong-behappy.de\/en\/wp-json\/wp\/v2\/pages\/30\/revisions"}],"wp:attachment":[{"href":"https:\/\/singasong-behappy.de\/en\/wp-json\/wp\/v2\/media?parent=30"}],"wp:term":[{"taxonomy":"page-cat","embeddable":true,"href":"https:\/\/singasong-behappy.de\/en\/wp-json\/wp\/v2\/page-cat?post=30"}],"curies":[{"name":"wp","href":"https:\/\/api.w.org\/{rel}","templated":true}]}}